{"id":21,"date":"2024-11-04T04:28:42","date_gmt":"2024-11-04T04:28:42","guid":{"rendered":"https:\/\/gaviaspreview.com\/wp\/homirx\/?page_id=21"},"modified":"2025-04-28T21:53:30","modified_gmt":"2025-04-28T21:53:30","slug":"contact","status":"publish","type":"page","link":"https:\/\/erv.cl\/index.php\/contact\/","title":{"rendered":"Contact"},"content":{"rendered":"\t\t<div data-elementor-type=\"wp-page\" data-elementor-id=\"21\" class=\"elementor elementor-21\" data-elementor-post-type=\"page\">\n\t\t\t\t<div class=\"elementor-element elementor-element-f661c39 e-con-full e-flex e-con e-parent\" data-id=\"f661c39\" data-element_type=\"container\">\n\t\t<div class=\"elementor-element elementor-element-48c64a9 e-con-full e-flex e-con e-child\" data-id=\"48c64a9\" data-element_type=\"container\">\n\t\t\t\t<div class=\"elementor-element elementor-element-c7a898f elementor-widget elementor-widget-google_maps\" data-id=\"c7a898f\" data-element_type=\"widget\" data-widget_type=\"google_maps.default\">\n\t\t\t\t\t\t\t<div class=\"elementor-custom-embed\">\n\t\t\t<iframe loading=\"lazy\"\n\t\t\t\t\tsrc=\"https:\/\/maps.google.com\/maps?q=London%20Eye%2C%20London%2C%20United%20Kingdom&#038;t=m&#038;z=10&#038;output=embed&#038;iwloc=near\"\n\t\t\t\t\ttitle=\"London Eye, London, United Kingdom\"\n\t\t\t\t\taria-label=\"London Eye, London, United Kingdom\"\n\t\t\t><\/iframe>\n\t\t<\/div>\n\t\t\t\t\t\t<\/div>\n\t\t\t\t<\/div>\n\t\t\t\t<\/div>\n\t\t<div class=\"elementor-element elementor-element-9d5319b e-flex e-con-boxed e-con e-parent\" data-id=\"9d5319b\" data-element_type=\"container\">\n\t\t\t\t\t<div class=\"e-con-inner\">\n\t\t<div class=\"elementor-element elementor-element-1341ee1 e-con-full e-flex e-con e-child\" data-id=\"1341ee1\" data-element_type=\"container\" data-settings=\"{&quot;background_background&quot;:&quot;classic&quot;}\">\n\t\t\t\t<div class=\"elementor-element elementor-element-7a33bfe elementor-view-stacked elementor-shape-rounded elementor-position-top elementor-mobile-position-top elementor-widget elementor-widget-icon-box\" data-id=\"7a33bfe\" data-element_type=\"widget\" data-widget_type=\"icon-box.default\">\n\t\t\t\t\t\t\t<div class=\"elementor-icon-box-wrapper\">\n\n\t\t\t\t\t\t<div class=\"elementor-icon-box-icon\">\n\t\t\t\t<a href=\"https:\/\/goo.gl\/maps\/gRJ5fj5A2jFLoR4i6\" class=\"elementor-icon\" tabindex=\"-1\" aria-label=\"Estamos en\">\n\t\t\t\t<i aria-hidden=\"true\" class=\"fas fa-map-marker-alt\"><\/i>\t\t\t\t<\/a>\n\t\t\t<\/div>\n\t\t\t\n\t\t\t\t\t\t<div class=\"elementor-icon-box-content\">\n\n\t\t\t\t\t\t\t\t\t<h3 class=\"elementor-icon-box-title\">\n\t\t\t\t\t\t<a href=\"https:\/\/goo.gl\/maps\/gRJ5fj5A2jFLoR4i6\" >\n\t\t\t\t\t\t\tEstamos en\t\t\t\t\t\t<\/a>\n\t\t\t\t\t<\/h3>\n\t\t\t\t\n\t\t\t\t\t\t\t\t\t<p class=\"elementor-icon-box-description\">\n\t\t\t\t\t\tChicureo, Colina,  Regi\u00f3n Metropolitana\n\t\t\t\t\t<\/p>\n\t\t\t\t\n\t\t\t<\/div>\n\t\t\t\n\t\t<\/div>\n\t\t\t\t\t\t<\/div>\n\t\t\t\t<\/div>\n\t\t<div class=\"elementor-element elementor-element-7fcb0c2 e-con-full e-flex e-con e-child\" data-id=\"7fcb0c2\" data-element_type=\"container\" data-settings=\"{&quot;background_background&quot;:&quot;classic&quot;}\">\n\t\t\t\t<div class=\"elementor-element elementor-element-98a9bf3 elementor-view-stacked elementor-shape-rounded elementor-position-top elementor-mobile-position-top elementor-widget elementor-widget-icon-box\" data-id=\"98a9bf3\" data-element_type=\"widget\" data-widget_type=\"icon-box.default\">\n\t\t\t\t\t\t\t<div class=\"elementor-icon-box-wrapper\">\n\n\t\t\t\t\t\t<div class=\"elementor-icon-box-icon\">\n\t\t\t\t<a href=\"mailto:info@example.com\" class=\"elementor-icon\" tabindex=\"-1\" aria-label=\"ventas@ervbrokerage.cl\">\n\t\t\t\t<i aria-hidden=\"true\" class=\"far fa-envelope\"><\/i>\t\t\t\t<\/a>\n\t\t\t<\/div>\n\t\t\t\n\t\t\t\t\t\t<div class=\"elementor-icon-box-content\">\n\n\t\t\t\t\t\t\t\t\t<h3 class=\"elementor-icon-box-title\">\n\t\t\t\t\t\t<a href=\"mailto:info@example.com\" >\n\t\t\t\t\t\t\tventas@ervbrokerage.cl\t\t\t\t\t\t<\/a>\n\t\t\t\t\t<\/h3>\n\t\t\t\t\n\t\t\t\t\t\t\t\t\t<p class=\"elementor-icon-box-description\">\n\t\t\t\t\t\tenvienos sus consultas, las responderemos a la brevedad\t\t\t\t\t<\/p>\n\t\t\t\t\n\t\t\t<\/div>\n\t\t\t\n\t\t<\/div>\n\t\t\t\t\t\t<\/div>\n\t\t\t\t<\/div>\n\t\t<div class=\"elementor-element elementor-element-f051702 e-con-full e-flex e-con e-child\" data-id=\"f051702\" data-element_type=\"container\" data-settings=\"{&quot;background_background&quot;:&quot;classic&quot;}\">\n\t\t\t\t<div class=\"elementor-element elementor-element-0cbb3ec elementor-view-stacked elementor-shape-rounded elementor-position-top elementor-mobile-position-top elementor-widget elementor-widget-icon-box\" data-id=\"0cbb3ec\" data-element_type=\"widget\" data-widget_type=\"icon-box.default\">\n\t\t\t\t\t\t\t<div class=\"elementor-icon-box-wrapper\">\n\n\t\t\t\t\t\t<div class=\"elementor-icon-box-icon\">\n\t\t\t\t<a href=\"tel:123208666\" class=\"elementor-icon\" tabindex=\"-1\" aria-label=\"+569  222 22 22\">\n\t\t\t\t<i aria-hidden=\"true\" class=\"fas fa-phone-alt\"><\/i>\t\t\t\t<\/a>\n\t\t\t<\/div>\n\t\t\t\n\t\t\t\t\t\t<div class=\"elementor-icon-box-content\">\n\n\t\t\t\t\t\t\t\t\t<h3 class=\"elementor-icon-box-title\">\n\t\t\t\t\t\t<a href=\"tel:123208666\" >\n\t\t\t\t\t\t\t+569  222 22 22\t\t\t\t\t\t<\/a>\n\t\t\t\t\t<\/h3>\n\t\t\t\t\n\t\t\t\t\t\t\t\t\t<p class=\"elementor-icon-box-description\">\n\t\t\t\t\t\t24\/7\/365 prioridad nuestros clientes\t\t\t\t\t<\/p>\n\t\t\t\t\n\t\t\t<\/div>\n\t\t\t\n\t\t<\/div>\n\t\t\t\t\t\t<\/div>\n\t\t\t\t<\/div>\n\t\t<div class=\"elementor-element elementor-element-dbaf864 e-con-full e-flex e-con e-child\" data-id=\"dbaf864\" data-element_type=\"container\" data-settings=\"{&quot;background_background&quot;:&quot;classic&quot;}\">\n\t\t\t\t<div class=\"elementor-element elementor-element-de535e1 elementor-view-stacked elementor-shape-rounded elementor-position-top elementor-mobile-position-top elementor-widget elementor-widget-icon-box\" data-id=\"de535e1\" data-element_type=\"widget\" data-widget_type=\"icon-box.default\">\n\t\t\t\t\t\t\t<div class=\"elementor-icon-box-wrapper\">\n\n\t\t\t\t\t\t<div class=\"elementor-icon-box-icon\">\n\t\t\t\t<span  class=\"elementor-icon\">\n\t\t\t\t<i aria-hidden=\"true\" class=\"far fa-clock\"><\/i>\t\t\t\t<\/span>\n\t\t\t<\/div>\n\t\t\t\n\t\t\t\t\t\t<div class=\"elementor-icon-box-content\">\n\n\t\t\t\t\t\t\t\t\t<h3 class=\"elementor-icon-box-title\">\n\t\t\t\t\t\t<span  >\n\t\t\t\t\t\t\tAtenci\u00f3n Oficina\t\t\t\t\t\t<\/span>\n\t\t\t\t\t<\/h3>\n\t\t\t\t\n\t\t\t\t\t\t\t\t\t<p class=\"elementor-icon-box-description\">\n\t\t\t\t\t\tLun-Vie: 9 AM \u2013 6 PM\u2028<br>Sabado: 9 AM \u2013 4 PM\u2028\t\t\t\t\t<\/p>\n\t\t\t\t\n\t\t\t<\/div>\n\t\t\t\n\t\t<\/div>\n\t\t\t\t\t\t<\/div>\n\t\t\t\t<\/div>\n\t\t\t\t\t<\/div>\n\t\t\t\t<\/div>\n\t\t<div class=\"elementor-element elementor-element-db3a614 e-flex e-con-boxed e-con e-parent\" data-id=\"db3a614\" data-element_type=\"container\">\n\t\t\t\t\t<div class=\"e-con-inner\">\n\t\t<div class=\"elementor-element elementor-element-2bdc768 e-con-full e-flex e-con e-child\" data-id=\"2bdc768\" data-element_type=\"container\">\n\t\t\t\t<div class=\"elementor-element elementor-element-5ba3815 elementor-widget elementor-widget-gva-heading-block\" data-id=\"5ba3815\" data-element_type=\"widget\" data-widget_type=\"gva-heading-block.default\">\n\t\t\t\t<div class=\"elementor-widget-container\">\n\t\t\t\t\t<div class=\"gva-element-gva-heading-block gva-element\">\r\n   <div class=\"align-center style-1 widget gsc-heading box-align-left auto-responsive\">\r\n      \r\n      <div class=\"content-inner\">\r\n                  \r\n         <div class=\"sub-title\"><span class=\"tagline\">formulario de cont\u00e1cto<\/span><\/div>  \r\n         \r\n                     <h2 class=\"title\">\r\n               <span>Env\u00edenos sus consultas, las responderemos seg\u00fan orden y prioridad en menos de 24 hrs<\/span>\r\n            <\/h2>\r\n                  \r\n         \r\n               <\/div>\r\n\r\n   <\/div>\r\n\r\n<\/div>\t\t\t\t<\/div>\n\t\t\t\t<\/div>\n\t\t\t\t<div class=\"elementor-element elementor-element-b182ff8 text-center elementor-widget elementor-widget-shortcode\" data-id=\"b182ff8\" data-element_type=\"widget\" data-widget_type=\"shortcode.default\">\n\t\t\t\t\t\t\t<div class=\"elementor-shortcode\">[contact-form-7 id=\"005da46\" title=\"Contact Form\"]<\/div>\n\t\t\t\t\t\t<\/div>\n\t\t\t\t<\/div>\n\t\t\t\t\t<\/div>\n\t\t\t\t<\/div>\n\t\t<div class=\"elementor-element elementor-element-e756299 e-flex e-con-boxed e-con e-parent\" data-id=\"e756299\" data-element_type=\"container\">\n\t\t\t\t\t<div class=\"e-con-inner\">\n\t\t<div class=\"elementor-element elementor-element-dee50f4 e-con-full e-flex e-con e-child\" data-id=\"dee50f4\" data-element_type=\"container\">\n\t\t\t\t<div class=\"elementor-element elementor-element-12ec8c5 elementor-widget elementor-widget-gva-brand\" data-id=\"12ec8c5\" data-element_type=\"widget\" data-widget_type=\"gva-brand.default\">\n\t\t\t\t<div class=\"elementor-widget-container\">\n\t\t\t\t\t<div class=\"gva-element-gva-brand gva-element\">\r\n<div class=\"gva-brand-carousel style-1 \">\r\n   <div class=\"swiper-content-inner\">\r\n      <div class=\"init-carousel-swiper swiper\" data-carousel=\"{&quot;items&quot;:5,&quot;items_lg&quot;:5,&quot;items_md&quot;:4,&quot;items_sm&quot;:3,&quot;items_xs&quot;:2,&quot;items_xx&quot;:2,&quot;effect&quot;:&quot;slide&quot;,&quot;space_between&quot;:30,&quot;loop&quot;:1,&quot;speed&quot;:600,&quot;autoplay&quot;:1,&quot;autoplay_delay&quot;:4500,&quot;autoplay_hover&quot;:1,&quot;navigation&quot;:1,&quot;pagination&quot;:0,&quot;dynamic_bullets&quot;:0,&quot;pagination_type&quot;:&quot;bullets&quot;}\">\r\n         <div class=\"swiper-wrapper\">\r\n            \r\n            <div class=\"swiper-slide item brand-item\"><div class=\"brand-item-content\"><div class=\"brand-item-image\"><img decoding=\"async\" src=\"https:\/\/gaviaspreview.com\/wp\/homirx\/wp-content\/uploads\/2024\/11\/brand-1.png\" alt=\"\" class=\"brand-img\"\/><\/div><\/div><\/div><div class=\"swiper-slide item brand-item\"><div class=\"brand-item-content\"><div class=\"brand-item-image\"><img decoding=\"async\" src=\"https:\/\/gaviaspreview.com\/wp\/homirx\/wp-content\/uploads\/2024\/11\/brand-2.png\" alt=\"\" class=\"brand-img\"\/><\/div><\/div><\/div><div class=\"swiper-slide item brand-item\"><div class=\"brand-item-content\"><div class=\"brand-item-image\"><img decoding=\"async\" src=\"https:\/\/gaviaspreview.com\/wp\/homirx\/wp-content\/uploads\/2024\/11\/brand-3.png\" alt=\"\" class=\"brand-img\"\/><\/div><\/div><\/div><div class=\"swiper-slide item brand-item\"><div class=\"brand-item-content\"><div class=\"brand-item-image\"><img decoding=\"async\" src=\"https:\/\/gaviaspreview.com\/wp\/homirx\/wp-content\/uploads\/2024\/11\/brand-4.png\" alt=\"\" class=\"brand-img\"\/><\/div><\/div><\/div><div class=\"swiper-slide item brand-item\"><div class=\"brand-item-content\"><div class=\"brand-item-image\"><img decoding=\"async\" src=\"https:\/\/gaviaspreview.com\/wp\/homirx\/wp-content\/uploads\/2024\/11\/brand-5.png\" alt=\"\" class=\"brand-img\"\/><\/div><\/div><\/div><div class=\"swiper-slide item brand-item\"><div class=\"brand-item-content\"><div class=\"brand-item-image\"><img decoding=\"async\" src=\"https:\/\/gaviaspreview.com\/wp\/homirx\/wp-content\/uploads\/2024\/11\/brand-6.png\" alt=\"\" class=\"brand-img\"\/><\/div><\/div><\/div>\r\n         <\/div>\r\n      <\/div>   \r\n   <\/div>\r\n   <div class=\"swiper-pagination\"><\/div>   <div class=\"swiper-nav-next\"><\/div><div class=\"swiper-nav-prev\"><\/div><\/div>\r\n<\/div>\t\t\t\t<\/div>\n\t\t\t\t<\/div>\n\t\t\t\t<\/div>\n\t\t\t\t\t<\/div>\n\t\t\t\t<\/div>\n\t\t\t\t<\/div>\n\t\t","protected":false},"excerpt":{"rendered":"<p>Estamos en Chicureo, Colina, Regi\u00f3n Metropolitana ventas@ervbrokerage.cl envienos sus consultas, las responderemos a la brevedad +569 222 22 22 24\/7\/365 prioridad nuestros clientes Atenci\u00f3n Oficina Lun-Vie: 9 AM \u2013 6 PM\u2028Sabado: 9 AM \u2013 4 PM\u2028 formulario de cont\u00e1cto Env\u00edenos sus consultas, las responderemos seg\u00fan orden y prioridad en menos de 24 hrs [contact-form-7 id=&#8221;005da46&#8243; [&hellip;]<\/p>\n","protected":false},"author":1,"featured_media":0,"parent":0,"menu_order":0,"comment_status":"closed","ping_status":"closed","template":"","meta":{"footnotes":""},"class_list":["post-21","page","type-page","status-publish","hentry"],"_links":{"self":[{"href":"https:\/\/erv.cl\/index.php\/wp-json\/wp\/v2\/pages\/21","targetHints":{"allow":["GET"]}}],"collection":[{"href":"https:\/\/erv.cl\/index.php\/wp-json\/wp\/v2\/pages"}],"about":[{"href":"https:\/\/erv.cl\/index.php\/wp-json\/wp\/v2\/types\/page"}],"author":[{"embeddable":true,"href":"https:\/\/erv.cl\/index.php\/wp-json\/wp\/v2\/users\/1"}],"replies":[{"embeddable":true,"href":"https:\/\/erv.cl\/index.php\/wp-json\/wp\/v2\/comments?post=21"}],"version-history":[{"count":10,"href":"https:\/\/erv.cl\/index.php\/wp-json\/wp\/v2\/pages\/21\/revisions"}],"predecessor-version":[{"id":653,"href":"https:\/\/erv.cl\/index.php\/wp-json\/wp\/v2\/pages\/21\/revisions\/653"}],"wp:attachment":[{"href":"https:\/\/erv.cl\/index.php\/wp-json\/wp\/v2\/media?parent=21"}],"curies":[{"name":"wp","href":"https:\/\/api.w.org\/{rel}","templated":true}]}}